{"id":26937,"date":"2021-05-22T00:31:43","date_gmt":"2021-05-21T22:31:43","guid":{"rendered":"https:\/\/www.directodelolivar.com\/cookie-richtlinie\/"},"modified":"2021-05-22T00:43:46","modified_gmt":"2021-05-21T22:43:46","slug":"cookie-richtlinie","status":"publish","type":"page","link":"https:\/\/www.directodelolivar.com\/de\/cookie-richtlinie\/","title":{"rendered":"Cookie-Richtlinie"},"content":{"rendered":"<p>DIRECTO DEL OLIVAR S.L., Herausgeber und Eigent\u00fcmer dieser Website, hat diese Richtlinie entwickelt, um den BENUTZER dar\u00fcber zu informieren, dass diese Website Cookies verwendet, um Ihnen ein auf Ihre Bed\u00fcrfnisse zugeschnittenes Surferlebnis zu bieten und ihre Leistung zu optimieren. DIRECTO DEL OLIVAR S.L. verwendet Cookies v\u00f6llig verantwortungsbewusst und nicht aufdringlich, und da uns Ihre Privatsph\u00e4re am Herzen liegt, m\u00f6chten wir Sie \u00fcber die Verwendung dieser Cookies und die dem BENUTZER zur Verf\u00fcgung stehenden Optionen zur Verwaltung dieser Cookies informieren.<\/p>\n<h2>Was sind Cookies?<\/h2>\n<p>Ein Cookie ist eine Art von Datei oder Ger\u00e4t, die auf das Endger\u00e4t eines BENUTZERS heruntergeladen wird, um Daten zu speichern, die von der f\u00fcr ihre Installation verantwortlichen Stelle aktualisiert und abgerufen werden k\u00f6nnen. Nachfolgend finden Sie eine Klassifizierung von Cookies nach einer Reihe von Kategorien. Es ist jedoch zu ber\u00fccksichtigen, dass derselbe Cookie in mehr als einer Kategorie enthalten sein kann.<\/p>\n<h3>ARTEN VON COOKIES, ABH\u00c4NGIG VON DER ENTIT\u00c4T, DIE SIE VERWALTET<\/h3>\n<p>Je nachdem, wer die Einheit ist, die das Ger\u00e4t oder die Domain verwaltet, von der die Cookies gesendet werden, und die erhaltenen Daten behandelt, k\u00f6nnen wir unterscheiden:<\/p>\n<ul>\n<li>Eigene Cookies: Dies sind solche, die von einem Computer oder einer Domain, die vom Herausgeber selbst verwaltet wird und von der aus die vom BENUTZER angeforderte Dienstleistung erbracht wird, an das Endger\u00e4t des BENUTZERS gesendet werden.<\/li>\n<li>Cookies von Drittanbietern: Dies sind solche, die an das Endger\u00e4t des BENUTZERS von einem Computer oder einer Domain gesendet werden, die nicht vom Herausgeber, sondern von einer anderen Instanz verwaltet werden, die die durch die Cookies erhaltenen Daten verarbeitet.<\/li>\n<\/ul>\n<h3>ARTEN VON COOKIES NACH DER DAUER, DIE SIE AKTIV BLEIBEN<\/h3>\n<p>Je nachdem, wie lange sie im Endger\u00e4t aktiviert bleiben, kann man unterscheiden:<\/p>\n<ul>\n<li>Sitzungscookies: Dies sind eine Art von Cookies, die dazu dienen, Daten zu sammeln und zu speichern, w\u00e4hrend der BENUTZER auf eine Webseite zugreift. Sie werden in der Regel verwendet, um Informationen zu speichern, die nur f\u00fcr die Bereitstellung des vom BENUTZER angeforderten Dienstes bei einer einzigen Gelegenheit von Interesse sind (z. B. eine Liste der gekauften Produkte).<\/li>\n<li>Dauerhafte Cookies: Dabei handelt es sich um eine Art von Cookie, bei dem die Daten auf dem Endger\u00e4t gespeichert bleiben und f\u00fcr einen von der f\u00fcr das Cookie verantwortlichen Partei definierten Zeitraum, der von wenigen Minuten bis zu mehreren Jahren reichen kann, abgerufen und verarbeitet werden k\u00f6nnen.<\/li>\n<\/ul>\n<h3>ARTEN VON COOKIES NACH IHREM ZWECK<\/h3>\n<p>Je nachdem, zu welchem Zweck die durch Cookies gewonnenen Daten verarbeitet werden, k\u00f6nnen wir unterscheiden zwischen:<\/p>\n<ul>\n<li>Technische Cookies: Dies sind diejenigen, die es dem BENUTZER erm\u00f6glichen, durch eine Webseite, Plattform oder Anwendung zu navigieren und die verschiedenen Optionen oder Dienste zu nutzen, die darin vorhanden sind, wie z. B. die Steuerung des Datenverkehrs und der Datenkommunikation, die Identifizierung der Sitzung, den Zugriff auf Teile mit eingeschr\u00e4nktem Zugang, die Erinnerung an die Elemente, aus denen eine Bestellung besteht, den Kaufprozess einer Bestellung, die Anwendung f\u00fcr die Registrierung oder die Teilnahme an einer Veranstaltung, die Nutzung von Sicherheitsfunktionen beim Surfen, die Speicherung von Inhalten f\u00fcr die \u00dcbertragung von Video oder Ton oder das Teilen von Inhalten \u00fcber soziale Netzwerke.<\/li>\n<li>Personalisierungs-Cookies: Dies sind solche, die es dem BENUTZER erm\u00f6glichen, auf den Dienst mit einigen allgemeinen Merkmalen zuzugreifen, die gem\u00e4\u00df einer Reihe von Kriterien im Endger\u00e4t des Benutzers vordefiniert sind, wie z. B. die Sprache, die Art des Browsers, \u00fcber den auf den Dienst zugegriffen wird, die regionale Konfiguration, von der aus auf den Dienst zugegriffen wird, usw.<\/li>\n<li>Analyse-Cookies: Diese Cookies erm\u00f6glichen es der f\u00fcr sie verantwortlichen Partei, das Verhalten der Nutzer der Websites, mit denen sie verkn\u00fcpft sind, zu \u00fcberwachen und zu analysieren. Die durch diese Art von Cookies gesammelten Informationen werden zur Messung der Aktivit\u00e4t der Websites, Anwendungen oder Plattformen und zur Erstellung von Browsing-Profilen der Nutzer dieser Websites, Anwendungen und Plattformen verwendet, um Verbesserungen auf der Grundlage der Analyse der Nutzungsdaten der Nutzer des Dienstes einzuf\u00fchren.<\/li>\n<li>Werbe-Cookies: Dies sind solche, die eine m\u00f6glichst effektive Verwaltung der Werbefl\u00e4chen erm\u00f6glichen, die der Redakteur gegebenenfalls auf einer Website, Anwendung oder Plattform, von der aus die angeforderte Dienstleistung erbracht wird, auf der Grundlage von Kriterien wie dem bearbeiteten Inhalt oder der H\u00e4ufigkeit der Anzeigenschaltung eingef\u00fcgt hat.<\/li>\n<li>Cookies f\u00fcr verhaltensbasierte Werbung: Dies sind solche, die eine m\u00f6glichst effektive Verwaltung der Werbefl\u00e4chen erm\u00f6glichen, die der Herausgeber gegebenenfalls auf einer Website, Anwendung oder Plattform, von der aus der angeforderte Dienst bereitgestellt wird, eingef\u00fcgt hat. Diese Cookies speichern Informationen \u00fcber das Benutzerverhalten, die durch die kontinuierliche Beobachtung ihrer Surfgewohnheiten gewonnen werden, was die Entwicklung eines spezifischen Profils erm\u00f6glicht, um darauf basierende Werbung anzuzeigen.<\/li>\n<li>Cookies von externen sozialen Netzwerken: Dies sind solche, die verwendet werden, damit Besucher mit den Inhalten verschiedener sozialer Plattformen (Facebook, YouTube, Twitter, LinkedIn, Google+, etc.) interagieren k\u00f6nnen und die nur f\u00fcr Nutzer dieser sozialen Netzwerke beim Zugriff auf diese Netzwerke generiert werden. Die Bedingungen f\u00fcr die Verwendung dieser Cookies und die gesammelten Informationen werden durch die Datenschutzbestimmungen der entsprechenden sozialen Plattform geregelt.<\/li>\n<\/ul>\n<h2>WELCHE COOKIES VERWENDET DIESE WEBSITE?<\/h2>\n<p>Insbesondere verwendet diese Website die folgenden Cookies:<\/p>\n<table>\n<tbody>\n<tr>\n<td><strong>Name<\/strong><\/td>\n<td><b>Domain<\/b><\/td>\n<td><strong>L\u00e4uft ab<\/strong><\/td>\n<td><strong>Informationen<\/strong><\/td>\n<\/tr>\n<tr>\n<td>cookie_notice_accepted<\/td>\n<td>www.directodelolivar.com<\/td>\n<td>1 Monat<\/td>\n<td>Erm\u00f6glicht die Speicherung der Zustimmung des BENUTZERS zur Cookie-Richtlinie.<\/td>\n<\/tr>\n<tr>\n<td>bp_user-role bp_user-registered bp_ut_session<\/td>\n<td>www.directodelolivar.com<\/td>\n<td>Dauerhaft<\/td>\n<td>Sie speichern Informationen \u00fcber den BENUTZER und seine Sitzungen, um das Browsing-Erlebnis auf unserer Website zu verbessern.<\/td>\n<\/tr>\n<tr>\n<td>bp_ut_session<\/td>\n<td>www.directodelolivar.com<\/td>\n<td>Dauerhaft<\/td>\n<td>Sie wird zur Unterscheidung von Benutzern verwendet.<\/td>\n<\/tr>\n<tr>\n<td>_ga<\/td>\n<td>www.google.com<\/td>\n<td>2 Jahre<\/td>\n<td>Es wird verwendet, um zwischen verschiedenen in der Sitzung erstellten Tracking-Objekten zu unterscheiden.<\/td>\n<\/tr>\n<tr>\n<td>_gat<\/td>\n<td>www.google.com<\/td>\n<td>Sitzung<\/td>\n<td>Es wird verwendet, um einen eindeutigen Wert f\u00fcr jede besuchte Seite zu speichern und zu aktualisieren.<\/td>\n<\/tr>\n<tr>\n<td>_gid<\/td>\n<td>www.google.com<\/td>\n<td>24 Stunden<\/td>\n<td>Google Analytics Cookies. Weitere Informationen finden Sie unter: https:\/\/www.google.com\/intl\/es\/policies\/technologies\/cookies\/<\/td>\n<\/tr>\n<tr>\n<td>APISID, SAPISID, SID, HSID, SSID<\/td>\n<td>www.google.com<\/td>\n<td>2 Jahre<\/td>\n<td>Cookies, die von Google verwendet werden, um BENUTZEREINSTELLUNGEN und Informationen zu speichern, w\u00e4hrend Seiten mit Google Maps darauf angezeigt werden. Weitere Informationen finden Sie unter: https:\/\/www.google.com\/intl\/es\/policies\/technologies\/cookies\/<\/td>\n<\/tr>\n<tr>\n<td>SIDCC<\/td>\n<td>www.google.com<\/td>\n<td>3 Monaten<\/td>\n<td>Google-Cookie, um Dienste bereitzustellen und anonyme Informationen \u00fcber die Navigation zu extrahieren. Weitere Informationen finden Sie unter: https:\/\/www.google.com\/intl\/es\/policies\/technologies\/cookies\/<\/td>\n<\/tr>\n<tr>\n<td>CONSENT<\/td>\n<td>www.google.com<\/td>\n<td>Dauerhaft<\/td>\n<td>Google Cookie. Der Speicher stimmt seinen Dienstleistungen zu. Weitere Informationen finden Sie unter: https:\/\/www.google.com\/intl\/es\/policies\/technologies\/cookies\/<\/td>\n<\/tr>\n<tr>\n<td>NID IP_JAR<\/td>\n<td>www.google.com<\/td>\n<td>6 Monate<\/td>\n<td>Cookies von Google-Diensten (Karten). F\u00fcr weitere Informationen besuchen Sie uns: https:\/\/www.google.com\/intl\/es\/policies\/technologies\/cookies\/<\/td>\n<\/tr>\n<tr>\n<td>OTZ<\/td>\n<td>www.google.com<\/td>\n<td>14 Tage<\/td>\n<td>Google Cookie. Sammelt Informationen \u00fcber Vorlieben, um sie f\u00fcr Werbezwecke zu nutzen. Weitere Informationen finden Sie unter: https:\/\/www.google.com\/intl\/es\/policies\/technologies\/cookies\/<\/td>\n<\/tr>\n<\/tbody>\n<\/table>\n<p>DIRECTO DEL OLIVAR S.L. mantiene abiertos perfiles en varias redes sociales como Facebook, Twitter, Google+, Linkedin, Youtube, etc., por lo que si el usuario accede a ellos y quiere conocer sus respectivas pol\u00edticas de cookies o de privacidad deber\u00e1 buscar esta informaci\u00f3n en la red social correspondiente.<\/p>\n<h2>BENUTZERZUSTIMMUNG<\/h2>\n<p>Der BENUTZER akzeptiert ausdr\u00fccklich die Verarbeitung der gesammelten Informationen in der oben genannten Art und Weise und zu den oben genannten Zwecken und best\u00e4tigt au\u00dferdem, dass er sich der M\u00f6glichkeit bewusst ist, die Verarbeitung solcher Daten oder Informationen abzulehnen, indem er die Verwendung von Cookies ablehnt, indem er die entsprechenden Einstellungen zu diesem Zweck in seinem Browser w\u00e4hlt, obwohl diese Option der Blockierung von Cookies in seinem Browser m\u00f6glicherweise nicht die volle Nutzung aller Funktionen dieser Website erm\u00f6glicht. Der BENUTZER gibt seine eindeutige Zustimmung, wenn er auf den Link Akzeptieren&#8220; klickt, der im Cookie-Hinweis&#8220; platziert ist, wenn er den Scrollbalken benutzt hat, sofern die im Cookie-Hinweis&#8220; enthaltenen Informationen sichtbar sind, ohne ihn zu benutzen, wie auf dieser Website dargestellt, oder wenn er auf irgendeinen Link geklickt hat, der auf der Seite enthalten ist, oder wenn er die Bedingungen akzeptiert, die in jedem Formular wiedergegeben sind. Der BENUTZER kann die auf seinem Computer installierten Cookies zulassen, blockieren oder l\u00f6schen, indem er die auf seinem Computer installierten Browseroptionen konfiguriert. Zum Beispiel: Google Chrome. Internet Explorer. Mozilla Firefox. Safari. Oper (Seite auf Englisch). Wenn der BENUTZER Zweifel an dieser Cookie-Politik hat, kann er sich an DIRECTO DEL OLIVAR S.L. unter info@directodelolivar.com wenden oder den von der spanischen Datenschutzbeh\u00f6rde ver\u00f6ffentlichten Leitfaden \u00fcber die Verwendung von Cookies einsehen. Schlie\u00dflich kann der BENUTZER zum Portal Ihre Online-Entscheidungen gehen, wo er nicht nur n\u00fctzliche Informationen findet, sondern auch, Anbieter f\u00fcr Anbieter, seine Pr\u00e4ferenzen zu Werbe-Cookies von Drittanbietern konfigurieren kann, wobei er zu Beginn die Sprache ausw\u00e4hlt.<\/p>\n<h2>AKTUALISIERUNGEN UND \u00c4NDERUNGEN AN DER COOKIE-RICHTLINIE<\/h2>\n<p>DIRECTO DEL OLIVAR S.L. kann diese Cookies-Politik aufgrund gesetzlicher oder beh\u00f6rdlicher Anforderungen oder mit dem Ziel, diese Politik an die von der spanischen Datenschutzbeh\u00f6rde diktierten Anweisungen anzupassen, \u00e4ndern, daher wird den Benutzern empfohlen, sie regelm\u00e4\u00dfig zu besuchen.<\/p>\n<p>&nbsp;<\/p>\n<p>&nbsp;<\/p>\n<p>&nbsp;<\/p>\n","protected":false},"excerpt":{"rendered":"<p>DIRECTO DEL OLIVAR S.L., Herausgeber und Eigent\u00fcmer dieser Website, hat diese Richtlinie entwickelt, um den BENUTZER dar\u00fcber zu informieren, dass diese Website Cookies verwendet, um Ihnen ein auf Ihre Bed\u00fcrfnisse zugeschnittenes Surferlebnis zu bieten und ihre Leistung zu optimieren. DIRECTO DEL OLIVAR S.L. verwendet Cookies v\u00f6llig verantwortungsbewusst und nicht aufdringlich, und da uns Ihre Privatsph\u00e4re [&hellip;]<\/p>\n","protected":false},"author":2,"featured_media":0,"parent":0,"menu_order":0,"comment_status":"closed","ping_status":"closed","template":"","meta":{"_et_pb_use_builder":"","_et_pb_old_content":"","_et_gb_content_width":"","_joinchat":[],"footnotes":""},"class_list":["post-26937","page","type-page","status-publish","hentry"],"_links":{"self":[{"href":"https:\/\/www.directodelolivar.com\/de\/wp-json\/wp\/v2\/pages\/26937","targetHints":{"allow":["GET"]}}],"collection":[{"href":"https:\/\/www.directodelolivar.com\/de\/wp-json\/wp\/v2\/pages"}],"about":[{"href":"https:\/\/www.directodelolivar.com\/de\/wp-json\/wp\/v2\/types\/page"}],"author":[{"embeddable":true,"href":"https:\/\/www.directodelolivar.com\/de\/wp-json\/wp\/v2\/users\/2"}],"replies":[{"embeddable":true,"href":"https:\/\/www.directodelolivar.com\/de\/wp-json\/wp\/v2\/comments?post=26937"}],"version-history":[{"count":0,"href":"https:\/\/www.directodelolivar.com\/de\/wp-json\/wp\/v2\/pages\/26937\/revisions"}],"wp:attachment":[{"href":"https:\/\/www.directodelolivar.com\/de\/wp-json\/wp\/v2\/media?parent=26937"}],"curies":[{"name":"wp","href":"https:\/\/api.w.org\/{rel}","templated":true}]}}