{"id":26936,"date":"2021-05-22T00:14:33","date_gmt":"2021-05-21T22:14:33","guid":{"rendered":"https:\/\/www.directodelolivar.com\/datenschutzrichtlinie\/"},"modified":"2021-05-22T00:41:37","modified_gmt":"2021-05-21T22:41:37","slug":"datenschutzrichtlinie","status":"publish","type":"page","link":"https:\/\/www.directodelolivar.com\/de\/datenschutzrichtlinie\/","title":{"rendered":"Datenschutzrichtlinie"},"content":{"rendered":"<p>DIRECTO DEL OLIVAR S.L. informiert den BENUTZER \u00fcber seine Politik in Bezug auf die Behandlung und den Schutz der pers\u00f6nlichen Daten der Benutzer und Kunden, die f\u00fcr das Surfen oder die Inanspruchnahme von Dienstleistungen oder den Kauf von Produkten \u00fcber diese Website gesammelt werden k\u00f6nnen. DIREKT DES OLIVENHAINS S.L. ist der Verantwortliche f\u00fcr die Verarbeitung der personenbezogenen Daten des BENUTZERS und informiert Sie dar\u00fcber, dass diese Daten gem\u00e4\u00df den Bestimmungen der geltenden Vorschriften zum Schutz personenbezogener Daten, der Verordnung (EU) 2016\/679 vom 27. April 2016 (GDPR) zum Schutz nat\u00fcrlicher Personen bei der Verarbeitung personenbezogener Daten und zum freien Datenverkehr sowie des Organgesetzes (ES) 15\/1999 vom 13. Dezember (LOPD) zum Schutz personenbezogener Daten verarbeitet werden, wozu Sie die folgenden Verarbeitungshinweise erhalten: <strong>Zweck der Verarbeitung<\/strong>: Zur Aufrechterhaltung einer Gesch\u00e4ftsbeziehung mit dem BENUTZER. F\u00fcr die Durchf\u00fchrung der Behandlung sind folgende Operationen vorgesehen:<\/p>\n<ul>\n<li>Das Versenden von kommerziellen Werbemitteilungen per E-Mail, Fax, SMS, MMS, soziale Netzwerke oder andere gegenw\u00e4rtige oder zuk\u00fcnftige elektronische oder physische Mittel, die kommerzielle Mitteilungen erm\u00f6glichen. Diese Mitteilungen werden von DIRECTO DEL OLIVAR S.L. durchgef\u00fchrt und beziehen sich auf ihre Produkte und Dienstleistungen oder auf die ihrer Mitarbeiter oder Lieferanten, mit denen sie eine Werbevereinbarung getroffen hat. In diesem Fall haben Dritte niemals Zugang zu pers\u00f6nlichen Daten.<\/li>\n<li>Zur Durchf\u00fchrung von statistischen Untersuchungen.<\/li>\n<li>Bearbeitung von Auftr\u00e4gen, Anfragen oder jeglicher Art von Anfragen, die der Nutzer \u00fcber eine der ihm zur Verf\u00fcgung gestellten Kontaktformen stellt.<\/li>\n<li>Zum Versenden des Newsletters der Website.<\/li>\n<\/ul>\n<p><strong>Kriterien f\u00fcr die Aufbewahrung der Daten<\/strong>: Sie werden so lange aufbewahrt, wie ein beiderseitiges Interesse an der Aufrechterhaltung des Zwecks der Behandlung besteht, und wenn sie f\u00fcr diesen Zweck nicht mehr erforderlich sind, werden sie mit geeigneten Sicherheitsma\u00dfnahmen gel\u00f6scht, um die Pseudonymisierung der Daten oder ihre vollst\u00e4ndige Vernichtung zu gew\u00e4hrleisten.<\/p>\n<p><strong>Weitergabe der Daten<\/strong>: Die Daten werden nicht an einen Empf\u00e4nger weitergegeben, es sei denn, es besteht eine gesetzliche Verpflichtung. <strong>Rechte des BENUTZERS<\/strong>:<\/p>\n<ul>\n<li>Recht auf jederzeitigen Widerruf der Einwilligung.<\/li>\n<li>Recht auf Zugang, Berichtigung und L\u00f6schung ihrer Daten und die Einschr\u00e4nkung oder den Widerspruch gegen ihre Behandlung.<\/li>\n<li>Recht auf Beschwerde bei der Aufsichtsbeh\u00f6rde, wenn er\/sie der Meinung ist, dass die Verarbeitung nicht den geltenden Vorschriften entspricht.<\/li>\n<\/ul>\n<p><strong>Kontaktinformationen zur Aus\u00fcbung Ihrer Rechte<\/strong>: Postanschrift: DIRECTO DEL OLIVAR S.L. Avda. Andaluc\u00eda, 7. 23560 Huelma. Ja\u00e9n. Ja\u00e9n, Spanien. E-Mail Adresse: info@directodelolivar.com<\/p>\n<h2>OBLIGATORISCHER ODER FAKULTATIVER CHARAKTER DER VOM BENUTZER BEREITGESTELLTEN INFORMATIONEN<\/h2>\n<p>Der BENUTZER akzeptiert durch Ankreuzen der entsprechenden K\u00e4stchen und Eingabe von Daten in die mit einem Sternchen (*) gekennzeichneten Felder im Kontaktformular oder in Download-Formularen ausdr\u00fccklich und frei und unmissverst\u00e4ndlich, dass seine Daten notwendig sind, um Ihre Anfrage zu erf\u00fcllen, durch den Anbieter, wobei die Eingabe von Daten in die \u00fcbrigen Felder freiwillig ist. Der BENUTZER garantiert, dass die dem Anbieter zur Verf\u00fcgung gestellten pers\u00f6nlichen Daten wahrheitsgem\u00e4\u00df sind und ist f\u00fcr die Mitteilung von \u00c4nderungen dieser Daten verantwortlich. Der ANBIETER informiert und garantiert den Nutzern ausdr\u00fccklich, dass ihre pers\u00f6nlichen Daten unter keinen Umst\u00e4nden an Dritte weitergegeben werden und dass bei jeder Art der Weitergabe von pers\u00f6nlichen Daten zuvor die ausdr\u00fcckliche, informierte und eindeutige Zustimmung des BENUTZERS eingeholt wird. Alle \u00fcber die Website angeforderten und mit (*) gekennzeichneten Daten sind obligatorisch, da sie f\u00fcr die Bereitstellung eines optimalen Service f\u00fcr den BENUTZER erforderlich sind. Die restlichen Felder sind zwar optional, k\u00f6nnen aber notwendig sein, um alle notwendigen Informationen zu haben, um Ihre Anfrage richtig zu beantworten. Wenn nicht alle Daten zur Verf\u00fcgung gestellt werden, gibt es keine Garantie daf\u00fcr, dass die vom Anbieter bereitgestellten Informationen und Dienste vollst\u00e4ndig auf Ihre Bed\u00fcrfnisse zugeschnitten sind.<\/p>\n<h2>SICHERHEITSMASSNAHMEN<\/h2>\n<p>Dass der ANBIETER in \u00dcbereinstimmung mit den Bestimmungen der geltenden Vorschriften zum Schutz personenbezogener Daten alle Vorschriften der DSGVO und der LOPD f\u00fcr die Verarbeitung personenbezogener Daten unter seiner Verantwortung einh\u00e4lt und offensichtlich die in Artikel 5 der DSGVO und Artikel 4 der LOPD beschriebenen Grunds\u00e4tze einh\u00e4lt, wobei die Verarbeitung rechtm\u00e4\u00dfig, fair und transparent gegen\u00fcber der betroffenen Person erfolgt und angemessen, relevant und auf das Notwendige in Bezug auf die Zwecke, f\u00fcr die sie verarbeitet werden, beschr\u00e4nkt ist. Der ANBIETER garantiert, dass er geeignete technische und organisatorische Ma\u00dfnahmen umgesetzt hat, um die von der DSGVO und der LOPD festgelegten Sicherheitsma\u00dfnahmen anzuwenden, um die Rechte und Freiheiten des BENUTZERS zu sch\u00fctzen, und dem BENUTZER die entsprechenden Informationen mitgeteilt hat, damit er sie aus\u00fcben kann.<\/p>\n<p>&nbsp;<\/p>\n<p>&nbsp;<\/p>\n<p>&nbsp;<\/p>\n","protected":false},"excerpt":{"rendered":"<p>DIRECTO DEL OLIVAR S.L. informiert den BENUTZER \u00fcber seine Politik in Bezug auf die Behandlung und den Schutz der pers\u00f6nlichen Daten der Benutzer und Kunden, die f\u00fcr das Surfen oder die Inanspruchnahme von Dienstleistungen oder den Kauf von Produkten \u00fcber diese Website gesammelt werden k\u00f6nnen. DIREKT DES OLIVENHAINS S.L. ist der Verantwortliche f\u00fcr die Verarbeitung [&hellip;]<\/p>\n","protected":false},"author":2,"featured_media":0,"parent":0,"menu_order":0,"comment_status":"closed","ping_status":"closed","template":"","meta":{"_et_pb_use_builder":"","_et_pb_old_content":"","_et_gb_content_width":"","_joinchat":[],"footnotes":""},"class_list":["post-26936","page","type-page","status-publish","hentry"],"_links":{"self":[{"href":"https:\/\/www.directodelolivar.com\/de\/wp-json\/wp\/v2\/pages\/26936","targetHints":{"allow":["GET"]}}],"collection":[{"href":"https:\/\/www.directodelolivar.com\/de\/wp-json\/wp\/v2\/pages"}],"about":[{"href":"https:\/\/www.directodelolivar.com\/de\/wp-json\/wp\/v2\/types\/page"}],"author":[{"embeddable":true,"href":"https:\/\/www.directodelolivar.com\/de\/wp-json\/wp\/v2\/users\/2"}],"replies":[{"embeddable":true,"href":"https:\/\/www.directodelolivar.com\/de\/wp-json\/wp\/v2\/comments?post=26936"}],"version-history":[{"count":0,"href":"https:\/\/www.directodelolivar.com\/de\/wp-json\/wp\/v2\/pages\/26936\/revisions"}],"wp:attachment":[{"href":"https:\/\/www.directodelolivar.com\/de\/wp-json\/wp\/v2\/media?parent=26936"}],"curies":[{"name":"wp","href":"https:\/\/api.w.org\/{rel}","templated":true}]}}