{"id":26935,"date":"2021-05-22T00:09:51","date_gmt":"2021-05-21T22:09:51","guid":{"rendered":"https:\/\/www.directodelolivar.com\/impressum\/"},"modified":"2021-05-22T00:09:51","modified_gmt":"2021-05-21T22:09:51","slug":"impressum","status":"publish","type":"page","link":"https:\/\/www.directodelolivar.com\/de\/impressum\/","title":{"rendered":"Impressum"},"content":{"rendered":"<p>Im Folgenden zeigen wir Ihnen die Informationen, die Sie als BENUTZER unserer Website beachten sollten. Alles ist darauf ausgelegt, die Erfahrung einfach, transparent und sicher zu machen. Wir danken Ihnen f\u00fcr Ihr Vertrauen.<\/p>\n<h2>IDENTIFIZIERENDE DATEN<\/h2>\n<p>Das Eigentum an dieser Website entspricht DIRECTO DEL OLIVAR, S.L., mit Sitz in Avda. Andaluc\u00eda, 7 de Huelma (Ja\u00e9n) und NIF B23774961. Eingetragen im Handelsregister von Ja\u00e9n, Band 565, Sektion 11, Seite J-22527. Die Kennung und Kontaktdaten des Unternehmens lauten wie folgt: DIRECTO DEL OLIVAR S.L. St. -Nr: B23774961 Avda. Andaluc\u00eda, 7 &#8211; 23560 Huelma-Solera (Ja\u00e9n) info@directodelolivar.com Telefon \/ Whatsapp: (+34) 659 435 143 ALMA DE JA\u00c9N, DIRECTO DEL OLIVAR und DirectodelOlivar.com sind beim Spanischen Patent- und Markenamt eingetragene Marken, deren Verwendung oder Zweckentfremdung ohne schriftliche Zustimmung des Eigent\u00fcmers verboten ist.<\/p>\n<h2>OBJEKT<\/h2>\n<p>DIRECTO DEL OLIVAR S.L., verantwortlich f\u00fcr die Website, im Folgenden der ANBIETER genannt, stellt den Nutzern das vorliegende Dokument zur Verf\u00fcgung, mit dem er die im Gesetz 34\/2002 \u00fcber Dienstleistungen der Informationsgesellschaft und des elektronischen Handels (LSSICE) festgelegten Verpflichtungen erf\u00fcllen und alle Nutzer der Website \u00fcber die Nutzungsbedingungen derselben informieren m\u00f6chte. Jede Person, die auf diese Website zugreift, \u00fcbernimmt die Rolle des BENUTZERS und verpflichtet sich zur Einhaltung und strikten Befolgung der hierin enthaltenen Bestimmungen sowie aller anderen m\u00f6glicherweise anwendbaren gesetzlichen Bestimmungen. Der ANBIETER beh\u00e4lt sich das Recht vor, jede Art von Informationen, die auf der Website erscheinen k\u00f6nnen, zu \u00e4ndern, ohne dass eine Verpflichtung zur vorherigen Ank\u00fcndigung oder Information der Nutzer besteht, was als ausreichend mit der Ver\u00f6ffentlichung auf der Website des ANBIETERS verstanden wird.<\/p>\n<h2>VERANTWORTUNG<\/h2>\n<p>Der ANBIETER lehnt jegliche Haftung f\u00fcr die auf seiner Website ver\u00f6ffentlichten Informationen ab, sofern diese von einem externen Dritten manipuliert oder eingestellt wurden.<\/p>\n<h2>DATENSCHUTZ<\/h2>\n<p>Der ANBIETER verpflichtet sich zur Einhaltung der spanischen Vorschriften zum Schutz personenbezogener Daten und garantiert die vollst\u00e4ndige Einhaltung der dargelegten Verpflichtungen sowie die Umsetzung der in Art. 9 des Gesetzes 15\/1999 \u00fcber den Schutz personenbezogener Daten (LOPD) und in der Verordnung zur Weiterentwicklung des LOPD festgelegten Sicherheitsma\u00dfnahmen sowie der Bestimmungen der Allgemeinen Datenschutzverordnung (EU-Verordnung 2016\/679). Der ANBIETER stellt dem BENUTZER seine Datenschutzerkl\u00e4rung zur Verf\u00fcgung, in der er ihn \u00fcber die folgenden Aspekte informiert:<\/p>\n<p>Daten des Data Controller.<br \/>Verarbeitete Daten.<br \/>Datei, in der sie gespeichert sind.<br \/>Zweck der Behandlung.<br \/>Obligatorisch oder nicht zur Verf\u00fcgung zu stellen, sowie die Konsequenzen im Falle der Nichtbereitstellung.<br \/>\u00dcber die Rechte aller Benutzer und das Verfahren zur Aus\u00fcbung dieser Rechte.<\/p>\n<p>Ebenso informiert der ANBIETER, dass er das Gesetz 34\/2002 vom 11. Juli 2002 \u00fcber die Dienstleistungen der Informationsgesellschaft und den elektronischen Handel einh\u00e4lt und jederzeit die Zustimmung des BENUTZERS zur Behandlung seiner E-Mail zu kommerziellen Zwecken einholen wird. Weitere Informationen finden Sie in unserer <a href=\"https:\/\/www.directodelolivar.com\/en\/datenschutzrichtlinie\">Datenschutzrichtlinie<\/a>.<\/p>\n<p><span style=\"color: #333333; font-size: 26px;\">GEISTIGES UND GEWERBLICHES EIGENTUM<\/span><\/p>\n<p>Die Website, einschlie\u00dflich, aber nicht beschr\u00e4nkt auf die Programmierung, Bearbeitung, Zusammenstellung und andere Elemente, die f\u00fcr den Betrieb notwendig sind, Designs, Logos, Texte und \/ oder Grafiken sind Eigentum des Anbieters, oder, falls zutreffend, hat eine Lizenz oder ausdr\u00fcckliche Genehmigung durch die Autoren. Alle Inhalte der Website sind durch Vorschriften zum geistigen und gewerblichen Eigentum ordnungsgem\u00e4\u00df gesch\u00fctzt. Unabh\u00e4ngig vom Verwendungszweck bedarf die vollst\u00e4ndige oder teilweise Vervielf\u00e4ltigung, Nutzung, Verwertung, Verbreitung und Vermarktung in jedem Fall der vorherigen schriftlichen Genehmigung durch den Anbieter. Jede nicht vorher vom Anbieter genehmigte Nutzung wird als schwerwiegende Verletzung der Rechte des geistigen oder gewerblichen Eigentums des Urhebers angesehen. Die Entw\u00fcrfe, Logos, Texte und\/oder Grafiken, die nicht dem ANBIETER geh\u00f6ren und die auf der Website erscheinen k\u00f6nnen, geh\u00f6ren ihren jeweiligen Eigent\u00fcmern, und diese sind selbst verantwortlich f\u00fcr eventuelle Kontroversen, die in Bezug auf sie entstehen k\u00f6nnen. In jedem Fall hat der ANBIETER die ausdr\u00fcckliche und vorherige Genehmigung von ihnen. Der ANBIETER gestattet Dritten ausdr\u00fccklich die direkte Weiterleitung auf die spezifischen Inhalte der Website, wobei in jedem Fall auf die Hauptseite der Website des Anbieters weitergeleitet werden muss. Der ANBIETER erkennt zugunsten seiner Eigent\u00fcmer die entsprechenden geistigen und gewerblichen Eigentumsrechte an, und ihre blo\u00dfe Erw\u00e4hnung oder ihr Erscheinen auf der Website impliziert weder das Bestehen irgendwelcher Rechte oder die Verantwortung des Anbieters \u00fcber sie, noch eine Bef\u00fcrwortung, F\u00f6rderung oder Empfehlung durch den ANBIETER. Der ANBIETER verf\u00fcgt, um die Urheberschaft der auf dieser Website erscheinenden Inhalte zu gew\u00e4hrleisten, \u00fcber ein Dokument, das die Angaben zum Urheberrecht sowie ggf. die Angabe der Bildrechte der Personen, die in diesen Inhalten erscheinen k\u00f6nnen, enth\u00e4lt. Um Anmerkungen zu m\u00f6glichen Verletzungen der Rechte des geistigen oder gewerblichen Eigentums sowie zu den Inhalten der Website zu machen, k\u00f6nnen Sie dies \u00fcber folgende E-Mail tun: info@directodelolivar.com.<\/p>\n<h2>VERWENDUNG VON COOKIES<\/h2>\n<p>Diese Website kann technische Cookies (kleine Informationsdateien, die der Server an den Computer der Person sendet, die auf die Seite zugreift) verwenden, um bestimmte Funktionen auszuf\u00fchren, die als wesentlich f\u00fcr das korrekte Funktionieren und die Visualisierung der Website angesehen werden. Die verwendeten Cookies sind in jedem Fall tempor\u00e4r, mit dem einzigen Zweck, die Navigation effizienter zu gestalten, und verschwinden am Ende der Sitzung des Benutzers. In keinem Fall liefern diese Cookies selbst personenbezogene Daten und werden auch nicht zu deren Erhebung verwendet. Durch die Verwendung von Cookies ist es auch m\u00f6glich, dass der Server, auf dem sich die Website befindet, den vom BENUTZER verwendeten Browser wiedererkennt, um die Navigation zu erleichtern und so z. B. den Zugang von Nutzern, die sich zuvor registriert haben, zu exklusiv f\u00fcr sie reservierten Bereichen, Dienstleistungen, Aktionen oder Wettbewerben zu erm\u00f6glichen, ohne dass sie sich bei jedem Besuch neu registrieren m\u00fcssen. Sie k\u00f6nnen auch zur Messung des Publikums, der Verkehrsparameter, zur Kontrolle des Verlaufs und der Anzahl der Eintr\u00e4ge usw. verwendet werden, wobei es sich in diesen F\u00e4llen um technisch entbehrliche, aber f\u00fcr den BENUTZER n\u00fctzliche Cookies handelt. Diese Website wird keine entbehrlichen Cookies ohne die vorherige Zustimmung des Benutzers installieren. Der BENUTZER hat die M\u00f6glichkeit, seinen Browser so zu konfigurieren, dass er vor dem Empfang von Cookies gewarnt wird und deren Installation auf seinem Computer verhindert. F\u00fcr weitere Informationen konsultieren Sie bitte unsere <a href=\"https:\/\/www.directodelolivar.com\/en\/cookie-richtlinie\">Cookie-Richtlinie<\/a>.<\/p>\n<h2>IP ADRESSEN<\/h2>\n<p>Die Server der Website k\u00f6nnen automatisch die vom BENUTZER verwendete IP-Adresse und den Domainnamen erkennen. Eine IP-Adresse ist eine Nummer, die einem Computer automatisch zugewiesen wird, wenn er sich mit dem Internet verbindet. Alle diese Informationen werden in einer Aktivit\u00e4tsdatei des ordnungsgem\u00e4\u00df registrierten Servers aufgezeichnet, die die anschlie\u00dfende Verarbeitung der Daten erm\u00f6glicht, um Messungen zu erhalten, die nur Statistiken erm\u00f6glichen, die die Anzahl der Seitenaufrufe, die Anzahl der Besuche auf Webservern, die Reihenfolge der Besuche, den Zugangspunkt usw. kennen.<\/p>\n<h2>LINK-POLITIK<\/h2>\n<p>Es ist m\u00f6glich, dass Sie von dieser Website auf Inhalte von Websites Dritter weitergeleitet werden. Da der ANBIETER die von Dritten in ihre Webseiten eingestellten Inhalte nicht immer kontrollieren kann, \u00fcbernimmt der ANBIETER keine Verantwortung f\u00fcr diese Inhalte. In jedem Fall erkl\u00e4rt der ANBIETER, dass er bei Inhalten, die gegen die nationale oder internationale Gesetzgebung, die guten Sitten oder die \u00f6ffentliche Ordnung versto\u00dfen k\u00f6nnten, die Weiterleitung zu dieser Website unverz\u00fcglich zur\u00fccknehmen und die zust\u00e4ndigen Beh\u00f6rden \u00fcber den betreffenden Inhalt informieren wird. Der ANBIETER ist nicht verantwortlich f\u00fcr die gespeicherten Informationen und Inhalte, insbesondere in Foren, Chats, Bloggeneratoren, Kommentaren, sozialen Netzwerken oder anderen Mitteln, die es Dritten erm\u00f6glichen, selbstst\u00e4ndig Inhalte auf der Website des Anbieters zu ver\u00f6ffentlichen. Der Anbieter steht jedoch allen Nutzern, Beh\u00f6rden und Sicherheitskr\u00e4ften gem\u00e4\u00df Art. 11 und 16 LSSICE zur Verf\u00fcgung und arbeitet aktiv an der Entfernung oder Sperrung aller Inhalte mit, die nationales oder internationales Recht, die Rechte Dritter oder die Sittlichkeit und \u00f6ffentliche Ordnung beeintr\u00e4chtigen oder dagegen versto\u00dfen k\u00f6nnten. Sollte der Nutzer der Ansicht sein, dass sich auf der Website Inhalte befinden, die f\u00fcr diese Einstufung in Frage kommen k\u00f6nnten, benachrichtigen Sie bitte umgehend den Administrator der Website. Diese Website wurde gepr\u00fcft und getestet, um sicherzustellen, dass sie korrekt funktioniert. Im Prinzip kann die korrekte Funktion an 365 Tagen im Jahr, 24 Stunden am Tag garantiert werden. Der ANBIETER schlie\u00dft jedoch nicht aus, dass bestimmte Programmierfehler auftreten k\u00f6nnen oder dass h\u00f6here Gewalt, Naturkatastrophen, Streiks oder \u00e4hnliche Umst\u00e4nde den Zugang zur Website unm\u00f6glich machen.<\/p>\n<h2>SSL<\/h2>\n<p>Der ANBIETER hat f\u00fcr seine Website ein SSL-Zertifikat (Secure Sockets Layer) abgeschlossen. Ein SSL-Zertifikat sch\u00fctzt alle pers\u00f6nlichen und vertraulichen Informationen, die auf einer Website verarbeitet werden k\u00f6nnen, unabh\u00e4ngig davon, welche Informationen \u00fcbertragen werden, z. B. von einem der Kontaktformulare auf der Website an den Server, oder die Daten, die f\u00fcr das Abonnement von Newslettern oder den Zugang zu gesch\u00fctzten Bereichen usw. eingegeben werden. Die Adresse der Website wird in gr\u00fcner Farbe angezeigt, wodurch das &#8222;https&#8220;-Protokoll aktiviert wird, das sichere Verbindungen von einem Webserver zum Browser des BENUTZERS erm\u00f6glicht.<\/p>\n<h2>ALLGEMEINE GESCH\u00c4FTSBEDINGUNGEN<\/h2>\n<p>Der ANBIETER stellt dem BENUTZER ein spezielles Dokument zur Verf\u00fcgung, in dem die allgemeinen Gesch\u00e4ftsbedingungen aufgef\u00fchrt sind, die der BENUTZER beim Kauf auf dieser Website zu ber\u00fccksichtigen hat. Weitere Informationen finden Sie in unseren <a href=\"https:\/\/www.directodelolivar.com\/de\/geschaeftsbedingungen\/\">Allgemeinen Gesch\u00e4ftsbedingungen<\/a>.<\/p>\n<h2>ANWENDBARES RECHT UND GERICHTSBARKEIT<\/h2>\n<p>Diese Bedingungen werden in allen nicht ausdr\u00fccklich festgelegten Angelegenheiten nach spanischem Recht geregelt oder ausgelegt. Der ANBIETER und der BENUTZER vereinbaren, alle Streitigkeiten, die sich aus der Erbringung der unter diese Bedingungen fallenden Leistungen ergeben, den Gerichten am Wohnsitz des BENUTZERS zu unterbreiten.\u00a0<\/p>\n","protected":false},"excerpt":{"rendered":"<p>Im Folgenden zeigen wir Ihnen die Informationen, die Sie als BENUTZER unserer Website beachten sollten. Alles ist darauf ausgelegt, die Erfahrung einfach, transparent und sicher zu machen. Wir danken Ihnen f\u00fcr Ihr Vertrauen. IDENTIFIZIERENDE DATEN Das Eigentum an dieser Website entspricht DIRECTO DEL OLIVAR, S.L., mit Sitz in Avda. Andaluc\u00eda, 7 de Huelma (Ja\u00e9n) und [&hellip;]<\/p>\n","protected":false},"author":2,"featured_media":0,"parent":0,"menu_order":0,"comment_status":"open","ping_status":"closed","template":"","meta":{"_et_pb_use_builder":"","_et_pb_old_content":"","_et_gb_content_width":"","_joinchat":[],"footnotes":""},"class_list":["post-26935","page","type-page","status-publish","hentry"],"_links":{"self":[{"href":"https:\/\/www.directodelolivar.com\/de\/wp-json\/wp\/v2\/pages\/26935","targetHints":{"allow":["GET"]}}],"collection":[{"href":"https:\/\/www.directodelolivar.com\/de\/wp-json\/wp\/v2\/pages"}],"about":[{"href":"https:\/\/www.directodelolivar.com\/de\/wp-json\/wp\/v2\/types\/page"}],"author":[{"embeddable":true,"href":"https:\/\/www.directodelolivar.com\/de\/wp-json\/wp\/v2\/users\/2"}],"replies":[{"embeddable":true,"href":"https:\/\/www.directodelolivar.com\/de\/wp-json\/wp\/v2\/comments?post=26935"}],"version-history":[{"count":0,"href":"https:\/\/www.directodelolivar.com\/de\/wp-json\/wp\/v2\/pages\/26935\/revisions"}],"wp:attachment":[{"href":"https:\/\/www.directodelolivar.com\/de\/wp-json\/wp\/v2\/media?parent=26935"}],"curies":[{"name":"wp","href":"https:\/\/api.w.org\/{rel}","templated":true}]}}